{"id":126,"date":"2018-02-27T07:51:08","date_gmt":"2018-02-27T07:51:08","guid":{"rendered":"http:\/\/offshorethemes.com\/demo\/sparkconstruction\/?page_id=126"},"modified":"2024-09-12T11:58:12","modified_gmt":"2024-09-12T16:58:12","slug":"electrical-wiring","status":"publish","type":"page","link":"https:\/\/www.hillconstructores.com.co\/?page_id=126","title":{"rendered":"Cableado El\u00e9ctrico"},"content":{"rendered":"\n<p>La importancia del cableado el\u00e9ctrico en nuestras instalaciones no puede ser subestimada. Un sistema bien dise\u00f1ado garantiza seguridad y eficiencia en el consumo energ\u00e9tico.<\/p>\n\n\n\n<p>Tenga en cuenta que un cableado el\u00e9ctrico adecuado es fundamental para el funcionamiento \u00f3ptimo de cualquier espacio. Aseg\u00farese de contar con profesionales capacitados para su instalaci\u00f3n.<\/p>\n\n\n\n<div class=\"wp-block-group is-layout-constrained wp-block-group-is-layout-constrained\">\n<figure class=\"wp-block-gallery has-nested-images columns-default is-cropped wp-block-gallery-1 is-layout-flex wp-block-gallery-is-layout-flex\">\n<figure class=\"wp-block-image size-large\"><img loading=\"lazy\" decoding=\"async\" width=\"768\" height=\"542\" data-id=\"702\" src=\"https:\/\/www.hillconstructores.com.co\/wp-content\/uploads\/2024\/09\/electricista-certificado-sec-1.jpeg\" alt=\"\" class=\"wp-image-702\" srcset=\"https:\/\/www.hillconstructores.com.co\/wp-content\/uploads\/2024\/09\/electricista-certificado-sec-1.jpeg 768w, https:\/\/www.hillconstructores.com.co\/wp-content\/uploads\/2024\/09\/electricista-certificado-sec-1-300x212.jpeg 300w\" sizes=\"auto, (max-width: 768px) 100vw, 768px\" \/><\/figure>\n<\/figure>\n<\/div>\n\n\n\n<p><\/p>\n","protected":false},"excerpt":{"rendered":"<p>La importancia del cableado el\u00e9ctrico en nuestras instalaciones no puede ser subestimada. Un sistema bien dise\u00f1ado garantiza seguridad y eficiencia en el consumo energ\u00e9tico. Tenga&hellip;<\/p>\n","protected":false},"author":1,"featured_media":164,"parent":0,"menu_order":0,"comment_status":"closed","ping_status":"closed","template":"","meta":{"footnotes":""},"class_list":["post-126","page","type-page","status-publish","has-post-thumbnail","hentry"],"_links":{"self":[{"href":"https:\/\/www.hillconstructores.com.co\/index.php?rest_route=\/wp\/v2\/pages\/126","targetHints":{"allow":["GET"]}}],"collection":[{"href":"https:\/\/www.hillconstructores.com.co\/index.php?rest_route=\/wp\/v2\/pages"}],"about":[{"href":"https:\/\/www.hillconstructores.com.co\/index.php?rest_route=\/wp\/v2\/types\/page"}],"author":[{"embeddable":true,"href":"https:\/\/www.hillconstructores.com.co\/index.php?rest_route=\/wp\/v2\/users\/1"}],"replies":[{"embeddable":true,"href":"https:\/\/www.hillconstructores.com.co\/index.php?rest_route=%2Fwp%2Fv2%2Fcomments&post=126"}],"version-history":[{"count":3,"href":"https:\/\/www.hillconstructores.com.co\/index.php?rest_route=\/wp\/v2\/pages\/126\/revisions"}],"predecessor-version":[{"id":703,"href":"https:\/\/www.hillconstructores.com.co\/index.php?rest_route=\/wp\/v2\/pages\/126\/revisions\/703"}],"wp:featuredmedia":[{"embeddable":true,"href":"https:\/\/www.hillconstructores.com.co\/index.php?rest_route=\/wp\/v2\/media\/164"}],"wp:attachment":[{"href":"https:\/\/www.hillconstructores.com.co\/index.php?rest_route=%2Fwp%2Fv2%2Fmedia&parent=126"}],"curies":[{"name":"wp","href":"https:\/\/api.w.org\/{rel}","templated":true}]}}