{"id":199,"date":"2018-02-28T07:02:35","date_gmt":"2018-02-28T07:02:35","guid":{"rendered":"http:\/\/offshorethemes.com\/demo\/sparkconstruction\/?page_id=199"},"modified":"2024-09-12T17:34:05","modified_gmt":"2024-09-12T22:34:05","slug":"about","status":"publish","type":"page","link":"https:\/\/www.hillconstructores.com.co\/?page_id=199","title":{"rendered":"Sobre Nosotros"},"content":{"rendered":"<div id=\"pl-gb199-69e17ea4bcdf1\"  class=\"panel-layout\" ><div id=\"pg-gb199-69e17ea4bcdf1-0\"  class=\"panel-grid panel-no-style\" ><div id=\"pgc-gb199-69e17ea4bcdf1-0-0\"  class=\"panel-grid-cell\" ><div id=\"panel-gb199-69e17ea4bcdf1-0-0-0\" class=\"so-panel widget widget_construction_light_aboutus panel-first-child\" data-index=\"0\" >            <section class=\"about_us_front\">\r\n                <div class=\"container\">\r\n                    <div class=\"row\">\r\n                        \r\n                                <div class=\"col-lg-5 col-md-5 col-sm-12\">\r\n                                    <img loading=\"lazy\" decoding=\"async\" width=\"475\" height=\"475\" src=\"https:\/\/www.hillconstructores.com.co\/wp-content\/uploads\/2019\/04\/about-1-1-475x475.png\" class=\"attachment-construction-light-aboutus size-construction-light-aboutus wp-post-image\" alt=\"\" srcset=\"https:\/\/www.hillconstructores.com.co\/wp-content\/uploads\/2019\/04\/about-1-1-475x475.png 475w, https:\/\/www.hillconstructores.com.co\/wp-content\/uploads\/2019\/04\/about-1-1-150x150.png 150w, https:\/\/www.hillconstructores.com.co\/wp-content\/uploads\/2019\/04\/about-1-1-300x300.png 300w\" sizes=\"auto, (max-width: 475px) 100vw, 475px\" \/>                                <\/div>\r\n\r\n                                <div class=\"col-lg-7 col-md-7 col-sm-12\">\r\n\r\n                                    <h3>Nuestra Compa\u00f1\u00eda<\/h3>\r\n                                    \r\n                                    \n<p><\/p>\n\n\n\n<div class=\"wp-block-media-text is-stacked-on-mobile\"><figure class=\"wp-block-media-text__media\"><img loading=\"lazy\" decoding=\"async\" width=\"1024\" height=\"683\" src=\"https:\/\/www.hillconstructores.com.co\/wp-content\/uploads\/2018\/02\/cta-background-1-1024x683.jpg\" alt=\"\" class=\"wp-image-137 size-full\" srcset=\"https:\/\/www.hillconstructores.com.co\/wp-content\/uploads\/2018\/02\/cta-background-1-1024x683.jpg 1024w, https:\/\/www.hillconstructores.com.co\/wp-content\/uploads\/2018\/02\/cta-background-1-300x200.jpg 300w, https:\/\/www.hillconstructores.com.co\/wp-content\/uploads\/2018\/02\/cta-background-1-768x512.jpg 768w, https:\/\/www.hillconstructores.com.co\/wp-content\/uploads\/2018\/02\/cta-background-1.jpg 1120w\" sizes=\"auto, (max-width: 1024px) 100vw, 1024px\" \/><\/figure><div class=\"wp-block-media-text__content\">\n<p class=\"has-text-align-center\"><strong>MISI\u00d3N<\/strong><\/p>\n\n\n\n<p class=\"has-text-align-center\">Rompemos paradigmas en la construcci\u00f3n de ciudad, materializando sue\u00f1os,<br>generando riqueza y bienestar colectivo, entregando soluciones integrales que<br>garantizan la constructibilidad, seguridad, calidad y respeto al medio ambiente, as\u00ed<br>como la obtenci\u00f3n de una justa retribuci\u00f3n para la empresa en el campo del<br>desarrollo integral y mejoramiento de la calidad de vida del ser humano.<\/p>\n<\/div><\/div>\n\n\n\n<div style=\"height:22px\" aria-hidden=\"true\" class=\"wp-block-spacer\"><\/div>\n\n\n\n<div class=\"wp-block-media-text has-media-on-the-right is-stacked-on-mobile\"><div class=\"wp-block-media-text__content\">\n<p class=\"has-text-align-center\"><strong>VISION<\/strong><\/p>\n\n\n\n<p class=\"has-text-align-center\">HILL CONSTRUCTORES S.A.S ser\u00e1 una empresa constructora con altos \u00edndices<br>de calidad en servicios de ingenier\u00eda civil, Reconocida por la formulaci\u00f3n y la<br>ejecuci\u00f3n de construcciones de alto impacto para el desarrollo territorial.<\/p>\n<\/div><figure class=\"wp-block-media-text__media\"><img loading=\"lazy\" decoding=\"async\" width=\"1024\" height=\"683\" src=\"https:\/\/www.hillconstructores.com.co\/wp-content\/uploads\/2018\/02\/service-five-1-1024x683.jpg\" alt=\"\" class=\"wp-image-36 size-full\" srcset=\"https:\/\/www.hillconstructores.com.co\/wp-content\/uploads\/2018\/02\/service-five-1-1024x683.jpg 1024w, https:\/\/www.hillconstructores.com.co\/wp-content\/uploads\/2018\/02\/service-five-1-300x200.jpg 300w, https:\/\/www.hillconstructores.com.co\/wp-content\/uploads\/2018\/02\/service-five-1-768x512.jpg 768w, https:\/\/www.hillconstructores.com.co\/wp-content\/uploads\/2018\/02\/service-five-1.jpg 1193w\" sizes=\"auto, (max-width: 1024px) 100vw, 1024px\" \/><\/figure><\/div>\n\n\n\n<p><\/p>\n                                        <div class=\"address-info\">\r\n                                            <ul>\r\n                                                \r\n                                                    <li>Env\u00edanos un correo electr\u00f3nico:                                                        <a href=\"mailto:'&#105;&#110;&#102;o&#064;h&#105;&#108;&#108;&#099;o&#110;str&#117;ctores.com&#046;&#099;o\">info@hillconstructores.com.co<\/a>\r\n                                                    <\/li>\r\n\r\n                                                \r\n                                                    <li>Cont\u00e1ctanos:                                                        <a href=\"tel:'576025572012\">+57 (602) 557-2012<\/a>\r\n                                                    <\/li>\r\n\r\n                                                                                            <\/ul>\r\n                                        <\/div>\r\n                                    \r\n                                    \r\n                                    <div class=\"achivement-items\">\r\n                                        <ul>\r\n                                                                                                <li>\r\n                                                        <div class=\"timer achivement\">551<\/div>\r\n                                                        <span class=\"medium\">Proyectos Construidos<\/span>\r\n                                                    <\/li>\r\n                                                                                                    <li>\r\n                                                        <div class=\"timer achivement\">12<\/div>\r\n                                                        <span class=\"medium\">A\u00f1oa de Experiencia<\/span>\r\n                                                    <\/li>\r\n                                                                                                    <li>\r\n                                                        <div class=\"timer achivement\">512<\/div>\r\n                                                        <span class=\"medium\">Clientes Satisfechos<\/span>\r\n                                                    <\/li>\r\n                                                                                        <\/ul>\r\n                                    <\/div>\r\n\r\n                                <\/div>\r\n                            \r\n                    <\/div>\r\n                <\/div>\r\n            <\/section>\r\n            <\/div><div id=\"panel-gb199-69e17ea4bcdf1-0-0-1\" class=\"so-panel widget widget_construction_light_service\" data-index=\"1\" >            \r\n                <section class=\"cons_light_feature layout_one\">\r\n                    <div class=\"container\">\r\n\r\n                                    <div class=\"row\">\n\n                <div class=\"col-lg-12 col-sm-12 col-xs-12\">\n\n                    \n                        <h2 class=\"section-title\">Nuestros Servicios De Mejor Calidad<\/h2>\n\n                    \n                            <div class=\"section-tagline\">desarrollo integral y mejoramiento de la calidad de vida del ser humano.<\/div>\n\n                    \n                <\/div>\n\n            <\/div>\n        \r\n                        <div class=\"row\">\r\n                                                            <div class=\"col-lg-4 col-md-4 col-sm-6 col-xs-12 feature-list\">\r\n                                    <div class=\"box\">\r\n                                        <figure>\r\n                                            <a href=\"https:\/\/www.hillconstructores.com.co\/?page_id=412\"><img loading=\"lazy\" decoding=\"async\" width=\"350\" height=\"280\" src=\"https:\/\/www.hillconstructores.com.co\/wp-content\/uploads\/2018\/02\/cta-background-1-350x280.jpg\" class=\"attachment-construction-light-medium size-construction-light-medium wp-post-image\" alt=\"\" \/><\/a>\r\n                                        <\/figure>\r\n\r\n                                        <div class=\"bottom-content\">\r\n                                            <h3><a href=\"https:\/\/www.hillconstructores.com.co\/?page_id=412\">Construcci\u00f3n e Infraestructura<\/a><\/h3>\r\n                                            <p>La construcci\u00f3n y la infraestructura son pilares fundamentales para el desarrollo de nuestras comunidades. Cada proyecto representa una oportunidad para innovar y mejorar la calidad&hellip;<\/p>\n                                                <a href=\"https:\/\/www.hillconstructores.com.co\/?page_id=412\" class=\"btn btn-primary\">Read More<i class=\"fas fa-arrow-right\"><\/i><\/a>\r\n                                                                                    <\/div>\r\n                                    <\/div>\r\n                                <\/div>\r\n                                                            <div class=\"col-lg-4 col-md-4 col-sm-6 col-xs-12 feature-list\">\r\n                                    <div class=\"box\">\r\n                                        <figure>\r\n                                            <a href=\"https:\/\/www.hillconstructores.com.co\/?page_id=406\"><img loading=\"lazy\" decoding=\"async\" width=\"350\" height=\"280\" src=\"https:\/\/www.hillconstructores.com.co\/wp-content\/uploads\/2019\/04\/road-construction-192894_1280-1-350x280.jpg\" class=\"attachment-construction-light-medium size-construction-light-medium wp-post-image\" alt=\"\" \/><\/a>\r\n                                        <\/figure>\r\n\r\n                                        <div class=\"bottom-content\">\r\n                                            <h3><a href=\"https:\/\/www.hillconstructores.com.co\/?page_id=406\">Construcci\u00f3n de Carreteras<\/a><\/h3>\r\n                                            <p>La edificaci\u00f3n de carreteras no solo mejora la movilidad, sino que tambi\u00e9n impulsa el crecimiento econ\u00f3mico y social de las regiones. Invertir en infraestructura es&hellip;<\/p>\n                                                <a href=\"https:\/\/www.hillconstructores.com.co\/?page_id=406\" class=\"btn btn-primary\">Read More<i class=\"fas fa-arrow-right\"><\/i><\/a>\r\n                                                                                    <\/div>\r\n                                    <\/div>\r\n                                <\/div>\r\n                                                            <div class=\"col-lg-4 col-md-4 col-sm-6 col-xs-12 feature-list\">\r\n                                    <div class=\"box\">\r\n                                        <figure>\r\n                                            <a href=\"https:\/\/www.hillconstructores.com.co\/?page_id=416\"><img loading=\"lazy\" decoding=\"async\" width=\"350\" height=\"280\" src=\"https:\/\/www.hillconstructores.com.co\/wp-content\/uploads\/2019\/04\/man-3249460_1280-1-350x280.jpg\" class=\"attachment-construction-light-medium size-construction-light-medium wp-post-image\" alt=\"\" \/><\/a>\r\n                                        <\/figure>\r\n\r\n                                        <div class=\"bottom-content\">\r\n                                            <h3><a href=\"https:\/\/www.hillconstructores.com.co\/?page_id=416\">Nosotros Realizamos Tu Sue\u00f1o<\/a><\/h3>\r\n                                            <p>En Hill Constructores, transformamos tus sue\u00f1os en realidad a trav\u00e9s de la construcci\u00f3n. Perm\u00edtenos ser parte de tu proyecto y juntos haremos que tu visi\u00f3n&hellip;<\/p>\n                                                <a href=\"https:\/\/www.hillconstructores.com.co\/?page_id=416\" class=\"btn btn-primary\">Read More<i class=\"fas fa-arrow-right\"><\/i><\/a>\r\n                                                                                    <\/div>\r\n                                    <\/div>\r\n                                <\/div>\r\n                                                            <div class=\"col-lg-4 col-md-4 col-sm-6 col-xs-12 feature-list\">\r\n                                    <div class=\"box\">\r\n                                        <figure>\r\n                                            <a href=\"https:\/\/www.hillconstructores.com.co\/?page_id=126\"><img loading=\"lazy\" decoding=\"async\" width=\"350\" height=\"280\" src=\"https:\/\/www.hillconstructores.com.co\/wp-content\/uploads\/2018\/02\/service-nine-1-350x280.jpg\" class=\"attachment-construction-light-medium size-construction-light-medium wp-post-image\" alt=\"\" \/><\/a>\r\n                                        <\/figure>\r\n\r\n                                        <div class=\"bottom-content\">\r\n                                            <h3><a href=\"https:\/\/www.hillconstructores.com.co\/?page_id=126\">Cableado El\u00e9ctrico<\/a><\/h3>\r\n                                            <p>La importancia del cableado el\u00e9ctrico en nuestras instalaciones no puede ser subestimada. Un sistema bien dise\u00f1ado garantiza seguridad y eficiencia en el consumo energ\u00e9tico. Tenga&hellip;<\/p>\n                                                <a href=\"https:\/\/www.hillconstructores.com.co\/?page_id=126\" class=\"btn btn-primary\">Read More<i class=\"fas fa-arrow-right\"><\/i><\/a>\r\n                                                                                    <\/div>\r\n                                    <\/div>\r\n                                <\/div>\r\n                                                            <div class=\"col-lg-4 col-md-4 col-sm-6 col-xs-12 feature-list\">\r\n                                    <div class=\"box\">\r\n                                        <figure>\r\n                                            <a href=\"https:\/\/www.hillconstructores.com.co\/?page_id=383\"><img loading=\"lazy\" decoding=\"async\" width=\"350\" height=\"280\" src=\"https:\/\/www.hillconstructores.com.co\/wp-content\/uploads\/2024\/09\/Adecuacion-de-espacio-de-oficinas-350x280.png\" class=\"attachment-construction-light-medium size-construction-light-medium wp-post-image\" alt=\"\" \/><\/a>\r\n                                        <\/figure>\r\n\r\n                                        <div class=\"bottom-content\">\r\n                                            <h3><a href=\"https:\/\/www.hillconstructores.com.co\/?page_id=383\">Adecuaci\u00f3n De Espacios<\/a><\/h3>\r\n                                            <p>En Hill Constructores, nos especializamos en la adecuaci\u00f3n de espacios, creando ambientes que se adaptan a tus necesidades. Conf\u00eda en nosotros para llevar a cabo&hellip;<\/p>\n                                                <a href=\"https:\/\/www.hillconstructores.com.co\/?page_id=383\" class=\"btn btn-primary\">Read More<i class=\"fas fa-arrow-right\"><\/i><\/a>\r\n                                                                                    <\/div>\r\n                                    <\/div>\r\n                                <\/div>\r\n                                                            <div class=\"col-lg-4 col-md-4 col-sm-6 col-xs-12 feature-list\">\r\n                                    <div class=\"box\">\r\n                                        <figure>\r\n                                            <a href=\"https:\/\/www.hillconstructores.com.co\/?page_id=390\"><img loading=\"lazy\" decoding=\"async\" width=\"350\" height=\"280\" src=\"https:\/\/www.hillconstructores.com.co\/wp-content\/uploads\/2019\/04\/architecture-1837150_1280-1-350x280.jpg\" class=\"attachment-construction-light-medium size-construction-light-medium wp-post-image\" alt=\"\" \/><\/a>\r\n                                        <\/figure>\r\n\r\n                                        <div class=\"bottom-content\">\r\n                                            <h3><a href=\"https:\/\/www.hillconstructores.com.co\/?page_id=390\">Dise\u00f1o Arquitect\u00f3nico<\/a><\/h3>\r\n                                            <p>La belleza del dise\u00f1o arquitect\u00f3nico radica en su capacidad para fusionar funcionalidad y est\u00e9tica. Cada proyecto es una oportunidad para innovar y dejar una huella&hellip;<\/p>\n                                                <a href=\"https:\/\/www.hillconstructores.com.co\/?page_id=390\" class=\"btn btn-primary\">Read More<i class=\"fas fa-arrow-right\"><\/i><\/a>\r\n                                                                                    <\/div>\r\n                                    <\/div>\r\n                                <\/div>\r\n                                                    <\/div>\r\n                    <\/div>\r\n                <\/section>\r\n            <\/div><div id=\"panel-gb199-69e17ea4bcdf1-0-0-2\" class=\"so-panel widget widget_construction_light_team panel-last-child\" data-index=\"2\" >                <section class=\"cons_light_team_layout_two layout_one\">\r\n                    <div class=\"container\">\r\n                                    <div class=\"row\">\n\n                <div class=\"col-lg-12 col-sm-12 col-xs-12\">\n\n                    \n                        <h2 class=\"section-title\">Miembros De Nuestro Equipo<\/h2>\n\n                    \n                            <div class=\"section-tagline\">Los proyectos requieren expertos en temas concretos en cada momento de su desarrollo; para ello la empresa cuenta con un equipo de profesionales capacitados en las distintas disciplinas para ejecutar todos nuestros proyectos; de este modo satisfacer las necesidades y demandas de nuestros clientes y beneficiaros, el equipo de trabajo est\u00e1 integrado por:<\/div>\n\n                    \n                <\/div>\n\n            <\/div>\n                                <div class=\"row\">\r\n                                                            <div class=\"col-lg-4 col-md-6 col-sm-12\">\r\n                                    <div class=\"box\">\r\n                                        <figure><img loading=\"lazy\" decoding=\"async\" width=\"350\" height=\"420\" src=\"https:\/\/www.hillconstructores.com.co\/wp-content\/uploads\/2018\/02\/testimonial-two-1-350x420.jpg\" class=\"attachment-construction-light-team size-construction-light-team wp-post-image\" alt=\"\" \/><\/figure>\r\n                                        <div class=\"team-wrap\">\r\n                                            <h4><a href=\"https:\/\/www.hillconstructores.com.co\/?page_id=463\">Senorita Klark<\/a><\/h4>\r\n                                                                                            <span>Builder<\/span>\r\n                                                                                        <p>Doloremque voluptate fugiat vero at, quas ut maxime natus, error earum, vel, esse hic facilis cumque veniam nostrum rerum asperiores magnam. Maxime sed amet sit&hellip;<\/p>\n                                            <ul class=\"sp_socialicon\">\r\n                                                                                                    <li><a href=\"#\"><i class=\"fab fa-facebook-f\"><\/i><\/a><\/li>\r\n                                                                                                    <li><a href=\"#\"><i class=\"fab fa-twitter\"><\/i><\/a><\/li>\r\n                                                                                                    <li><a href=\"#\"><i class=\"fab fa-instagram\"><\/i><\/a><\/li>\r\n                                                                                            <\/ul>\r\n                                        <\/div>\r\n                                    <\/div>\r\n                                <\/div>\r\n                                                            <div class=\"col-lg-4 col-md-6 col-sm-12\">\r\n                                    <div class=\"box\">\r\n                                        <figure><img loading=\"lazy\" decoding=\"async\" width=\"350\" height=\"420\" src=\"https:\/\/www.hillconstructores.com.co\/wp-content\/uploads\/2018\/02\/team-one-1-350x420.jpg\" class=\"attachment-construction-light-team size-construction-light-team wp-post-image\" alt=\"\" \/><\/figure>\r\n                                        <div class=\"team-wrap\">\r\n                                            <h4><a href=\"https:\/\/www.hillconstructores.com.co\/?page_id=472\">Max Well<\/a><\/h4>\r\n                                                                                            <span>Manager<\/span>\r\n                                                                                        <p>Facilis iste aut sequi ea saepe pariatur earum quae nobis itaque nesciunt, odit possimus ratione sint voluptas cupiditate blanditiis fugiat tempore. Alias, quos? Officiis placeat&hellip;<\/p>\n                                            <ul class=\"sp_socialicon\">\r\n                                                                                                    <li><a href=\"#\"><i class=\"fab fa-facebook-f\"><\/i><\/a><\/li>\r\n                                                                                                    <li><a href=\"#\"><i class=\"fab fa-twitter\"><\/i><\/a><\/li>\r\n                                                                                                    <li><a href=\"#\"><i class=\"fab fa-instagram\"><\/i><\/a><\/li>\r\n                                                                                            <\/ul>\r\n                                        <\/div>\r\n                                    <\/div>\r\n                                <\/div>\r\n                                                            <div class=\"col-lg-4 col-md-6 col-sm-12\">\r\n                                    <div class=\"box\">\r\n                                        <figure><img loading=\"lazy\" decoding=\"async\" width=\"350\" height=\"420\" src=\"https:\/\/www.hillconstructores.com.co\/wp-content\/uploads\/2018\/02\/team-five-1-350x420.jpg\" class=\"attachment-construction-light-team size-construction-light-team wp-post-image\" alt=\"\" \/><\/figure>\r\n                                        <div class=\"team-wrap\">\r\n                                            <h4><a href=\"https:\/\/www.hillconstructores.com.co\/?page_id=456\">Jasmine Obama<\/a><\/h4>\r\n                                                                                            <span>Helper<\/span>\r\n                                                                                        <p>Facilis iste aut sequi ea saepe pariatur earum quae nobis itaque nesciunt, odit possimus ratione sint voluptas cupiditate blanditiis fugiat tempore. Alias, quos? Officiis placeat&hellip;<\/p>\n                                            <ul class=\"sp_socialicon\">\r\n                                                                                                    <li><a href=\"#\"><i class=\"fab fa-facebook-f\"><\/i><\/a><\/li>\r\n                                                                                                    <li><a href=\"#\"><i class=\"fab fa-twitter\"><\/i><\/a><\/li>\r\n                                                                                                    <li><a href=\"#\"><i class=\"fab fa-instagram\"><\/i><\/a><\/li>\r\n                                                                                            <\/ul>\r\n                                        <\/div>\r\n                                    <\/div>\r\n                                <\/div>\r\n                                                    <\/div>\r\n                    <\/div>\r\n                <\/section>\r\n            <\/div><\/div><\/div><\/div>\n\n\n<div class=\"wp-block-media-text is-stacked-on-mobile\" style=\"grid-template-columns:55% auto\"><figure class=\"wp-block-media-text__media\"><video controls src=\"https:\/\/www.hillconstructores.com.co\/wp-content\/uploads\/2024\/09\/HILL-.mp4\"><\/video><\/figure><div class=\"wp-block-media-text__content\">\n<p class=\"has-text-align-center\">Hill Constructores se enorgullece de transformar visiones en realidades. Cada proyecto es una oportunidad para construir un futuro s\u00f3lido y sostenible.<\/p>\n<\/div><\/div>\n","protected":false},"excerpt":{"rendered":"<p>Hill Constructores se enorgullece de transformar visiones en realidades. Cada proyecto es una oportunidad para construir un futuro s\u00f3lido y sostenible.<\/p>\n","protected":false},"author":1,"featured_media":200,"parent":0,"menu_order":0,"comment_status":"closed","ping_status":"closed","template":"template-pagebuilder.php","meta":{"footnotes":""},"class_list":["post-199","page","type-page","status-publish","has-post-thumbnail","hentry"],"_links":{"self":[{"href":"https:\/\/www.hillconstructores.com.co\/index.php?rest_route=\/wp\/v2\/pages\/199","targetHints":{"allow":["GET"]}}],"collection":[{"href":"https:\/\/www.hillconstructores.com.co\/index.php?rest_route=\/wp\/v2\/pages"}],"about":[{"href":"https:\/\/www.hillconstructores.com.co\/index.php?rest_route=\/wp\/v2\/types\/page"}],"author":[{"embeddable":true,"href":"https:\/\/www.hillconstructores.com.co\/index.php?rest_route=\/wp\/v2\/users\/1"}],"replies":[{"embeddable":true,"href":"https:\/\/www.hillconstructores.com.co\/index.php?rest_route=%2Fwp%2Fv2%2Fcomments&post=199"}],"version-history":[{"count":9,"href":"https:\/\/www.hillconstructores.com.co\/index.php?rest_route=\/wp\/v2\/pages\/199\/revisions"}],"predecessor-version":[{"id":753,"href":"https:\/\/www.hillconstructores.com.co\/index.php?rest_route=\/wp\/v2\/pages\/199\/revisions\/753"}],"wp:featuredmedia":[{"embeddable":true,"href":"https:\/\/www.hillconstructores.com.co\/index.php?rest_route=\/wp\/v2\/media\/200"}],"wp:attachment":[{"href":"https:\/\/www.hillconstructores.com.co\/index.php?rest_route=%2Fwp%2Fv2%2Fmedia&parent=199"}],"curies":[{"name":"wp","href":"https:\/\/api.w.org\/{rel}","templated":true}]}}