{"id":383,"date":"2019-04-19T05:27:39","date_gmt":"2019-04-19T05:27:39","guid":{"rendered":"http:\/\/demo.sparklewpthemes.com\/constructionlight\/?page_id=383"},"modified":"2024-09-12T15:09:20","modified_gmt":"2024-09-12T20:09:20","slug":"crane-service","status":"publish","type":"page","link":"https:\/\/www.hillconstructores.com.co\/?page_id=383","title":{"rendered":"Adecuaci\u00f3n De Espacios"},"content":{"rendered":"\n<p>En Hill Constructores, nos especializamos en la adecuaci\u00f3n de espacios, creando ambientes que se adaptan a tus necesidades. Conf\u00eda en nosotros para llevar a cabo tus proyectos de construcci\u00f3n.<\/p>\n\n\n\n<p><\/p>\n","protected":false},"excerpt":{"rendered":"<p>En Hill Constructores, nos especializamos en la adecuaci\u00f3n de espacios, creando ambientes que se adaptan a tus necesidades. Conf\u00eda en nosotros para llevar a cabo&hellip;<\/p>\n","protected":false},"author":1,"featured_media":723,"parent":0,"menu_order":0,"comment_status":"closed","ping_status":"closed","template":"","meta":{"footnotes":""},"class_list":["post-383","page","type-page","status-publish","has-post-thumbnail","hentry"],"_links":{"self":[{"href":"https:\/\/www.hillconstructores.com.co\/index.php?rest_route=\/wp\/v2\/pages\/383","targetHints":{"allow":["GET"]}}],"collection":[{"href":"https:\/\/www.hillconstructores.com.co\/index.php?rest_route=\/wp\/v2\/pages"}],"about":[{"href":"https:\/\/www.hillconstructores.com.co\/index.php?rest_route=\/wp\/v2\/types\/page"}],"author":[{"embeddable":true,"href":"https:\/\/www.hillconstructores.com.co\/index.php?rest_route=\/wp\/v2\/users\/1"}],"replies":[{"embeddable":true,"href":"https:\/\/www.hillconstructores.com.co\/index.php?rest_route=%2Fwp%2Fv2%2Fcomments&post=383"}],"version-history":[{"count":2,"href":"https:\/\/www.hillconstructores.com.co\/index.php?rest_route=\/wp\/v2\/pages\/383\/revisions"}],"predecessor-version":[{"id":719,"href":"https:\/\/www.hillconstructores.com.co\/index.php?rest_route=\/wp\/v2\/pages\/383\/revisions\/719"}],"wp:featuredmedia":[{"embeddable":true,"href":"https:\/\/www.hillconstructores.com.co\/index.php?rest_route=\/wp\/v2\/media\/723"}],"wp:attachment":[{"href":"https:\/\/www.hillconstructores.com.co\/index.php?rest_route=%2Fwp%2Fv2%2Fmedia&parent=383"}],"curies":[{"name":"wp","href":"https:\/\/api.w.org\/{rel}","templated":true}]}}