{"id":390,"date":"2019-04-19T05:32:48","date_gmt":"2019-04-19T05:32:48","guid":{"rendered":"http:\/\/demo.sparklewpthemes.com\/constructionlight\/?page_id=390"},"modified":"2024-09-16T15:19:52","modified_gmt":"2024-09-16T20:19:52","slug":"architectural-design","status":"publish","type":"page","link":"https:\/\/www.hillconstructores.com.co\/?page_id=390","title":{"rendered":"Dise\u00f1o Arquitect\u00f3nico"},"content":{"rendered":"\n<p>La belleza del dise\u00f1o arquitect\u00f3nico radica en su capacidad para fusionar funcionalidad y est\u00e9tica. Cada proyecto es una oportunidad para innovar y dejar una huella en el paisaje urbano.<\/p>\n\n\n\n<p>La innovaci\u00f3n y la creatividad se fusionan en cada proyecto de dise\u00f1o arquitect\u00f3nico en Hill Constructores. Transformamos espacios en obras maestras que reflejan la esencia de nuestros clientes.<\/p>\n\n\n\n<p>En Hill Constructores, el dise\u00f1o arquitect\u00f3nico es m\u00e1s que una profesi\u00f3n; es una pasi\u00f3n. Cada estructura que creamos cuenta una historia \u00fanica y est\u00e1 dise\u00f1ada para perdurar en el tiempo.<\/p>\n\n\n\n<p><\/p>\n","protected":false},"excerpt":{"rendered":"<p>La belleza del dise\u00f1o arquitect\u00f3nico radica en su capacidad para fusionar funcionalidad y est\u00e9tica. Cada proyecto es una oportunidad para innovar y dejar una huella&hellip;<\/p>\n","protected":false},"author":1,"featured_media":393,"parent":0,"menu_order":0,"comment_status":"closed","ping_status":"closed","template":"","meta":{"footnotes":""},"class_list":["post-390","page","type-page","status-publish","has-post-thumbnail","hentry"],"_links":{"self":[{"href":"https:\/\/www.hillconstructores.com.co\/index.php?rest_route=\/wp\/v2\/pages\/390","targetHints":{"allow":["GET"]}}],"collection":[{"href":"https:\/\/www.hillconstructores.com.co\/index.php?rest_route=\/wp\/v2\/pages"}],"about":[{"href":"https:\/\/www.hillconstructores.com.co\/index.php?rest_route=\/wp\/v2\/types\/page"}],"author":[{"embeddable":true,"href":"https:\/\/www.hillconstructores.com.co\/index.php?rest_route=\/wp\/v2\/users\/1"}],"replies":[{"embeddable":true,"href":"https:\/\/www.hillconstructores.com.co\/index.php?rest_route=%2Fwp%2Fv2%2Fcomments&post=390"}],"version-history":[{"count":1,"href":"https:\/\/www.hillconstructores.com.co\/index.php?rest_route=\/wp\/v2\/pages\/390\/revisions"}],"predecessor-version":[{"id":711,"href":"https:\/\/www.hillconstructores.com.co\/index.php?rest_route=\/wp\/v2\/pages\/390\/revisions\/711"}],"wp:featuredmedia":[{"embeddable":true,"href":"https:\/\/www.hillconstructores.com.co\/index.php?rest_route=\/wp\/v2\/media\/393"}],"wp:attachment":[{"href":"https:\/\/www.hillconstructores.com.co\/index.php?rest_route=%2Fwp%2Fv2%2Fmedia&parent=390"}],"curies":[{"name":"wp","href":"https:\/\/api.w.org\/{rel}","templated":true}]}}