{"id":406,"date":"2019-04-19T05:43:22","date_gmt":"2019-04-19T05:43:22","guid":{"rendered":"http:\/\/demo.sparklewpthemes.com\/constructionlight\/?page_id=406"},"modified":"2024-09-12T12:10:36","modified_gmt":"2024-09-12T17:10:36","slug":"road-construction","status":"publish","type":"page","link":"https:\/\/www.hillconstructores.com.co\/?page_id=406","title":{"rendered":"Construcci\u00f3n de Carreteras"},"content":{"rendered":"\n<p>La edificaci\u00f3n de carreteras no solo mejora la movilidad, sino que tambi\u00e9n impulsa el crecimiento econ\u00f3mico y social de las regiones. Invertir en infraestructura es invertir en el progreso. <\/p>\n\n\n\n<p>De igual manera es fundamental para el desarrollo de infraestructuras que conectan comunidades y facilitan el transporte. Cada proyecto representa un paso hacia un futuro m\u00e1s accesible y eficiente.<\/p>\n\n\n\n<p>La construcci\u00f3n de carreteras es un pilar esencial para el desarrollo urbano y rural. A trav\u00e9s de estas obras, se promueve la integraci\u00f3n y el bienestar de las comunidades.<\/p>\n\n\n\n<p><\/p>\n","protected":false},"excerpt":{"rendered":"<p>La edificaci\u00f3n de carreteras no solo mejora la movilidad, sino que tambi\u00e9n impulsa el crecimiento econ\u00f3mico y social de las regiones. Invertir en infraestructura es&hellip;<\/p>\n","protected":false},"author":1,"featured_media":405,"parent":0,"menu_order":0,"comment_status":"closed","ping_status":"closed","template":"","meta":{"footnotes":""},"class_list":["post-406","page","type-page","status-publish","has-post-thumbnail","hentry"],"_links":{"self":[{"href":"https:\/\/www.hillconstructores.com.co\/index.php?rest_route=\/wp\/v2\/pages\/406","targetHints":{"allow":["GET"]}}],"collection":[{"href":"https:\/\/www.hillconstructores.com.co\/index.php?rest_route=\/wp\/v2\/pages"}],"about":[{"href":"https:\/\/www.hillconstructores.com.co\/index.php?rest_route=\/wp\/v2\/types\/page"}],"author":[{"embeddable":true,"href":"https:\/\/www.hillconstructores.com.co\/index.php?rest_route=\/wp\/v2\/users\/1"}],"replies":[{"embeddable":true,"href":"https:\/\/www.hillconstructores.com.co\/index.php?rest_route=%2Fwp%2Fv2%2Fcomments&post=406"}],"version-history":[{"count":1,"href":"https:\/\/www.hillconstructores.com.co\/index.php?rest_route=\/wp\/v2\/pages\/406\/revisions"}],"predecessor-version":[{"id":709,"href":"https:\/\/www.hillconstructores.com.co\/index.php?rest_route=\/wp\/v2\/pages\/406\/revisions\/709"}],"wp:featuredmedia":[{"embeddable":true,"href":"https:\/\/www.hillconstructores.com.co\/index.php?rest_route=\/wp\/v2\/media\/405"}],"wp:attachment":[{"href":"https:\/\/www.hillconstructores.com.co\/index.php?rest_route=%2Fwp%2Fv2%2Fmedia&parent=406"}],"curies":[{"name":"wp","href":"https:\/\/api.w.org\/{rel}","templated":true}]}}