{"id":409,"date":"2019-04-19T06:53:58","date_gmt":"2019-04-19T06:53:58","guid":{"rendered":"http:\/\/demo.sparklewpthemes.com\/constructionlight\/?page_id=409"},"modified":"2024-09-12T10:49:02","modified_gmt":"2024-09-12T15:49:02","slug":"interior-design","status":"publish","type":"page","link":"https:\/\/www.hillconstructores.com.co\/?page_id=409","title":{"rendered":"Dise\u00f1o De Interiores"},"content":{"rendered":"\n<p>Un buen dise\u00f1o de interiores no solo embellece, sino que tambi\u00e9n mejora la funcionalidad de los espacios. Descubre c\u00f3mo cada elemento puede contribuir a un entorno m\u00e1s acogedor y eficiente.<\/p>\n\n\n\n<p>Ten en cuenta  que a armon\u00eda en el dise\u00f1o de interiores transforma cualquier espacio en un refugio personal. Cada detalle cuenta para crear un ambiente que refleje tu estilo y personalidad.<\/p>\n\n\n\n<p><\/p>\n\n\n\n<p><\/p>\n\n\n\n<p><\/p>\n","protected":false},"excerpt":{"rendered":"<p>Un buen dise\u00f1o de interiores no solo embellece, sino que tambi\u00e9n mejora la funcionalidad de los espacios. Descubre c\u00f3mo cada elemento puede contribuir a un&hellip;<\/p>\n","protected":false},"author":1,"featured_media":168,"parent":0,"menu_order":0,"comment_status":"closed","ping_status":"closed","template":"","meta":{"footnotes":""},"class_list":["post-409","page","type-page","status-publish","has-post-thumbnail","hentry"],"_links":{"self":[{"href":"https:\/\/www.hillconstructores.com.co\/index.php?rest_route=\/wp\/v2\/pages\/409","targetHints":{"allow":["GET"]}}],"collection":[{"href":"https:\/\/www.hillconstructores.com.co\/index.php?rest_route=\/wp\/v2\/pages"}],"about":[{"href":"https:\/\/www.hillconstructores.com.co\/index.php?rest_route=\/wp\/v2\/types\/page"}],"author":[{"embeddable":true,"href":"https:\/\/www.hillconstructores.com.co\/index.php?rest_route=\/wp\/v2\/users\/1"}],"replies":[{"embeddable":true,"href":"https:\/\/www.hillconstructores.com.co\/index.php?rest_route=%2Fwp%2Fv2%2Fcomments&post=409"}],"version-history":[{"count":2,"href":"https:\/\/www.hillconstructores.com.co\/index.php?rest_route=\/wp\/v2\/pages\/409\/revisions"}],"predecessor-version":[{"id":695,"href":"https:\/\/www.hillconstructores.com.co\/index.php?rest_route=\/wp\/v2\/pages\/409\/revisions\/695"}],"wp:featuredmedia":[{"embeddable":true,"href":"https:\/\/www.hillconstructores.com.co\/index.php?rest_route=\/wp\/v2\/media\/168"}],"wp:attachment":[{"href":"https:\/\/www.hillconstructores.com.co\/index.php?rest_route=%2Fwp%2Fv2%2Fmedia&parent=409"}],"curies":[{"name":"wp","href":"https:\/\/api.w.org\/{rel}","templated":true}]}}