{"id":412,"date":"2019-04-19T06:56:49","date_gmt":"2019-04-19T06:56:49","guid":{"rendered":"http:\/\/demo.sparklewpthemes.com\/constructionlight\/?page_id=412"},"modified":"2024-09-12T12:06:55","modified_gmt":"2024-09-12T17:06:55","slug":"house-construction","status":"publish","type":"page","link":"https:\/\/www.hillconstructores.com.co\/?page_id=412","title":{"rendered":"Construcci\u00f3n e Infraestructura"},"content":{"rendered":"\n<p>La construcci\u00f3n y la infraestructura son pilares fundamentales para el desarrollo de nuestras comunidades. Cada proyecto representa una oportunidad para innovar y mejorar la calidad de vida..<\/p>\n\n\n\n<p>Tenga en cuenta que la construcci\u00f3n e infraestructura son esenciales para el progreso y la modernizaci\u00f3n de nuestras ciudades. Invertir en estos sectores es invertir en un futuro m\u00e1s s\u00f3lido y eficiente.<\/p>\n\n\n\n<p>De igual manera son el cimiento de un futuro pr\u00f3spero. A trav\u00e9s de proyectos bien planificados, podemos transformar nuestro entorno y crear espacios que beneficien a todos<\/p>\n\n\n\n<p>.<\/p>\n\n\n\n<p><\/p>\n","protected":false},"excerpt":{"rendered":"<p>La construcci\u00f3n y la infraestructura son pilares fundamentales para el desarrollo de nuestras comunidades. Cada proyecto representa una oportunidad para innovar y mejorar la calidad&hellip;<\/p>\n","protected":false},"author":1,"featured_media":137,"parent":0,"menu_order":0,"comment_status":"closed","ping_status":"closed","template":"","meta":{"footnotes":""},"class_list":["post-412","page","type-page","status-publish","has-post-thumbnail","hentry"],"_links":{"self":[{"href":"https:\/\/www.hillconstructores.com.co\/index.php?rest_route=\/wp\/v2\/pages\/412","targetHints":{"allow":["GET"]}}],"collection":[{"href":"https:\/\/www.hillconstructores.com.co\/index.php?rest_route=\/wp\/v2\/pages"}],"about":[{"href":"https:\/\/www.hillconstructores.com.co\/index.php?rest_route=\/wp\/v2\/types\/page"}],"author":[{"embeddable":true,"href":"https:\/\/www.hillconstructores.com.co\/index.php?rest_route=\/wp\/v2\/users\/1"}],"replies":[{"embeddable":true,"href":"https:\/\/www.hillconstructores.com.co\/index.php?rest_route=%2Fwp%2Fv2%2Fcomments&post=412"}],"version-history":[{"count":2,"href":"https:\/\/www.hillconstructores.com.co\/index.php?rest_route=\/wp\/v2\/pages\/412\/revisions"}],"predecessor-version":[{"id":706,"href":"https:\/\/www.hillconstructores.com.co\/index.php?rest_route=\/wp\/v2\/pages\/412\/revisions\/706"}],"wp:featuredmedia":[{"embeddable":true,"href":"https:\/\/www.hillconstructores.com.co\/index.php?rest_route=\/wp\/v2\/media\/137"}],"wp:attachment":[{"href":"https:\/\/www.hillconstructores.com.co\/index.php?rest_route=%2Fwp%2Fv2%2Fmedia&parent=412"}],"curies":[{"name":"wp","href":"https:\/\/api.w.org\/{rel}","templated":true}]}}