{"id":556,"date":"2019-04-21T06:38:28","date_gmt":"2019-04-21T06:38:28","guid":{"rendered":"http:\/\/demo.sparklewpthemes.com\/constructionlight\/?page_id=556"},"modified":"2024-09-12T15:25:37","modified_gmt":"2024-09-12T20:25:37","slug":"our-services","status":"publish","type":"page","link":"https:\/\/www.hillconstructores.com.co\/?page_id=556","title":{"rendered":"Nuestros servicios de mejor calidad"},"content":{"rendered":"\n\t\t\t\t<div id=\"pl-gb556-69e16e5ac9a4b\"  class=\"panel-layout\" ><div id=\"pg-gb556-69e16e5ac9a4b-0\"  class=\"panel-grid panel-no-style\" ><div id=\"pgc-gb556-69e16e5ac9a4b-0-0\"  class=\"panel-grid-cell\" ><div id=\"panel-gb556-69e16e5ac9a4b-0-0-0\" class=\"so-panel widget widget_construction_light_service panel-first-child panel-last-child\" data-index=\"0\" >            \r\n                <section class=\"cons_light_feature layout_one\">\r\n                    <div class=\"container\">\r\n\r\n                        \r\n                        <div class=\"row\">\r\n                                                            <div class=\"col-lg-4 col-md-4 col-sm-6 col-xs-12 feature-list\">\r\n                                    <div class=\"box\">\r\n                                        <figure>\r\n                                            <a href=\"https:\/\/www.hillconstructores.com.co\/?page_id=412\"><img loading=\"lazy\" decoding=\"async\" width=\"350\" height=\"280\" src=\"https:\/\/www.hillconstructores.com.co\/wp-content\/uploads\/2018\/02\/cta-background-1-350x280.jpg\" class=\"attachment-construction-light-medium size-construction-light-medium wp-post-image\" alt=\"\" \/><\/a>\r\n                                        <\/figure>\r\n\r\n                                        <div class=\"bottom-content\">\r\n                                            <h3><a href=\"https:\/\/www.hillconstructores.com.co\/?page_id=412\">Construcci\u00f3n e Infraestructura<\/a><\/h3>\r\n                                            <p>La construcci\u00f3n y la infraestructura son pilares fundamentales para el desarrollo de nuestras comunidades. Cada proyecto representa una oportunidad para innovar y mejorar la calidad&hellip;<\/p>\n                                                <a href=\"https:\/\/www.hillconstructores.com.co\/?page_id=412\" class=\"btn btn-primary\">Read More<i class=\"fas fa-arrow-right\"><\/i><\/a>\r\n                                                                                    <\/div>\r\n                                    <\/div>\r\n                                <\/div>\r\n                                                            <div class=\"col-lg-4 col-md-4 col-sm-6 col-xs-12 feature-list\">\r\n                                    <div class=\"box\">\r\n                                        <figure>\r\n                                            <a href=\"https:\/\/www.hillconstructores.com.co\/?page_id=406\"><img loading=\"lazy\" decoding=\"async\" width=\"350\" height=\"280\" src=\"https:\/\/www.hillconstructores.com.co\/wp-content\/uploads\/2019\/04\/road-construction-192894_1280-1-350x280.jpg\" class=\"attachment-construction-light-medium size-construction-light-medium wp-post-image\" alt=\"\" \/><\/a>\r\n                                        <\/figure>\r\n\r\n                                        <div class=\"bottom-content\">\r\n                                            <h3><a href=\"https:\/\/www.hillconstructores.com.co\/?page_id=406\">Construcci\u00f3n de Carreteras<\/a><\/h3>\r\n                                            <p>La edificaci\u00f3n de carreteras no solo mejora la movilidad, sino que tambi\u00e9n impulsa el crecimiento econ\u00f3mico y social de las regiones. Invertir en infraestructura es&hellip;<\/p>\n                                                <a href=\"https:\/\/www.hillconstructores.com.co\/?page_id=406\" class=\"btn btn-primary\">Read More<i class=\"fas fa-arrow-right\"><\/i><\/a>\r\n                                                                                    <\/div>\r\n                                    <\/div>\r\n                                <\/div>\r\n                                                            <div class=\"col-lg-4 col-md-4 col-sm-6 col-xs-12 feature-list\">\r\n                                    <div class=\"box\">\r\n                                        <figure>\r\n                                            <a href=\"https:\/\/www.hillconstructores.com.co\/?page_id=416\"><img loading=\"lazy\" decoding=\"async\" width=\"350\" height=\"280\" src=\"https:\/\/www.hillconstructores.com.co\/wp-content\/uploads\/2019\/04\/man-3249460_1280-1-350x280.jpg\" class=\"attachment-construction-light-medium size-construction-light-medium wp-post-image\" alt=\"\" \/><\/a>\r\n                                        <\/figure>\r\n\r\n                                        <div class=\"bottom-content\">\r\n                                            <h3><a href=\"https:\/\/www.hillconstructores.com.co\/?page_id=416\">Nosotros Realizamos Tu Sue\u00f1o<\/a><\/h3>\r\n                                            <p>En Hill Constructores, transformamos tus sue\u00f1os en realidad a trav\u00e9s de la construcci\u00f3n. Perm\u00edtenos ser parte de tu proyecto y juntos haremos que tu visi\u00f3n&hellip;<\/p>\n                                                <a href=\"https:\/\/www.hillconstructores.com.co\/?page_id=416\" class=\"btn btn-primary\">Read More<i class=\"fas fa-arrow-right\"><\/i><\/a>\r\n                                                                                    <\/div>\r\n                                    <\/div>\r\n                                <\/div>\r\n                                                            <div class=\"col-lg-4 col-md-4 col-sm-6 col-xs-12 feature-list\">\r\n                                    <div class=\"box\">\r\n                                        <figure>\r\n                                            <a href=\"https:\/\/www.hillconstructores.com.co\/?page_id=126\"><img loading=\"lazy\" decoding=\"async\" width=\"350\" height=\"280\" src=\"https:\/\/www.hillconstructores.com.co\/wp-content\/uploads\/2018\/02\/service-nine-1-350x280.jpg\" class=\"attachment-construction-light-medium size-construction-light-medium wp-post-image\" alt=\"\" \/><\/a>\r\n                                        <\/figure>\r\n\r\n                                        <div class=\"bottom-content\">\r\n                                            <h3><a href=\"https:\/\/www.hillconstructores.com.co\/?page_id=126\">Cableado El\u00e9ctrico<\/a><\/h3>\r\n                                            <p>La importancia del cableado el\u00e9ctrico en nuestras instalaciones no puede ser subestimada. Un sistema bien dise\u00f1ado garantiza seguridad y eficiencia en el consumo energ\u00e9tico. Tenga&hellip;<\/p>\n                                                <a href=\"https:\/\/www.hillconstructores.com.co\/?page_id=126\" class=\"btn btn-primary\">Read More<i class=\"fas fa-arrow-right\"><\/i><\/a>\r\n                                                                                    <\/div>\r\n                                    <\/div>\r\n                                <\/div>\r\n                                                            <div class=\"col-lg-4 col-md-4 col-sm-6 col-xs-12 feature-list\">\r\n                                    <div class=\"box\">\r\n                                        <figure>\r\n                                            <a href=\"https:\/\/www.hillconstructores.com.co\/?page_id=383\"><img loading=\"lazy\" decoding=\"async\" width=\"350\" height=\"280\" src=\"https:\/\/www.hillconstructores.com.co\/wp-content\/uploads\/2024\/09\/Adecuacion-de-espacio-de-oficinas-350x280.png\" class=\"attachment-construction-light-medium size-construction-light-medium wp-post-image\" alt=\"\" \/><\/a>\r\n                                        <\/figure>\r\n\r\n                                        <div class=\"bottom-content\">\r\n                                            <h3><a href=\"https:\/\/www.hillconstructores.com.co\/?page_id=383\">Adecuaci\u00f3n De Espacios<\/a><\/h3>\r\n                                            <p>En Hill Constructores, nos especializamos en la adecuaci\u00f3n de espacios, creando ambientes que se adaptan a tus necesidades. Conf\u00eda en nosotros para llevar a cabo&hellip;<\/p>\n                                                <a href=\"https:\/\/www.hillconstructores.com.co\/?page_id=383\" class=\"btn btn-primary\">Read More<i class=\"fas fa-arrow-right\"><\/i><\/a>\r\n                                                                                    <\/div>\r\n                                    <\/div>\r\n                                <\/div>\r\n                                                            <div class=\"col-lg-4 col-md-4 col-sm-6 col-xs-12 feature-list\">\r\n                                    <div class=\"box\">\r\n                                        <figure>\r\n                                            <a href=\"https:\/\/www.hillconstructores.com.co\/?page_id=390\"><img loading=\"lazy\" decoding=\"async\" width=\"350\" height=\"280\" src=\"https:\/\/www.hillconstructores.com.co\/wp-content\/uploads\/2019\/04\/architecture-1837150_1280-1-350x280.jpg\" class=\"attachment-construction-light-medium size-construction-light-medium wp-post-image\" alt=\"\" \/><\/a>\r\n                                        <\/figure>\r\n\r\n                                        <div class=\"bottom-content\">\r\n                                            <h3><a href=\"https:\/\/www.hillconstructores.com.co\/?page_id=390\">Dise\u00f1o Arquitect\u00f3nico<\/a><\/h3>\r\n                                            <p>La belleza del dise\u00f1o arquitect\u00f3nico radica en su capacidad para fusionar funcionalidad y est\u00e9tica. Cada proyecto es una oportunidad para innovar y dejar una huella&hellip;<\/p>\n                                                <a href=\"https:\/\/www.hillconstructores.com.co\/?page_id=390\" class=\"btn btn-primary\">Read More<i class=\"fas fa-arrow-right\"><\/i><\/a>\r\n                                                                                    <\/div>\r\n                                    <\/div>\r\n                                <\/div>\r\n                                                    <\/div>\r\n                    <\/div>\r\n                <\/section>\r\n            <\/div><\/div><\/div><\/div>\t\t","protected":false},"excerpt":{"rendered":"","protected":false},"author":1,"featured_media":200,"parent":0,"menu_order":0,"comment_status":"closed","ping_status":"closed","template":"template-pagebuilder.php","meta":{"footnotes":""},"class_list":["post-556","page","type-page","status-publish","has-post-thumbnail","hentry"],"_links":{"self":[{"href":"https:\/\/www.hillconstructores.com.co\/index.php?rest_route=\/wp\/v2\/pages\/556","targetHints":{"allow":["GET"]}}],"collection":[{"href":"https:\/\/www.hillconstructores.com.co\/index.php?rest_route=\/wp\/v2\/pages"}],"about":[{"href":"https:\/\/www.hillconstructores.com.co\/index.php?rest_route=\/wp\/v2\/types\/page"}],"author":[{"embeddable":true,"href":"https:\/\/www.hillconstructores.com.co\/index.php?rest_route=\/wp\/v2\/users\/1"}],"replies":[{"embeddable":true,"href":"https:\/\/www.hillconstructores.com.co\/index.php?rest_route=%2Fwp%2Fv2%2Fcomments&post=556"}],"version-history":[{"count":1,"href":"https:\/\/www.hillconstructores.com.co\/index.php?rest_route=\/wp\/v2\/pages\/556\/revisions"}],"predecessor-version":[{"id":729,"href":"https:\/\/www.hillconstructores.com.co\/index.php?rest_route=\/wp\/v2\/pages\/556\/revisions\/729"}],"wp:featuredmedia":[{"embeddable":true,"href":"https:\/\/www.hillconstructores.com.co\/index.php?rest_route=\/wp\/v2\/media\/200"}],"wp:attachment":[{"href":"https:\/\/www.hillconstructores.com.co\/index.php?rest_route=%2Fwp%2Fv2%2Fmedia&parent=556"}],"curies":[{"name":"wp","href":"https:\/\/api.w.org\/{rel}","templated":true}]}}